{"id":5624,"date":"2022-06-01T09:30:07","date_gmt":"2022-06-01T09:30:07","guid":{"rendered":"https:\/\/futurotec.pt\/domotica-o-que-e\/"},"modified":"2022-06-01T09:30:09","modified_gmt":"2022-06-01T09:30:09","slug":"domotica-o-que-e","status":"publish","type":"page","link":"https:\/\/futurotec.pt\/pt-pt\/domotica-o-que-e\/","title":{"rendered":"Dom\u00f3tica: O que \u00e9?"},"content":{"rendered":"\n<h2>Dom\u00f3tica, Casa autom\u00e1tica e Casa Inteligente \u00e9 mesma coisa?<\/h2>\n\n<p>A palavra Dom\u00f3tica v\u00eam do franc\u00eas &#8220;<em>Domotique<\/em>&#8220;, da jun\u00e7\u00e3o Domus &#8220;casa&#8221; com &#8220;<em>Immotique<\/em>&#8221; &#8220;autom\u00e1tico&#8221;, ou seja, casa autom\u00e1tica ou casa inteligente.<\/p>\n\n<figure class=\"wp-block-image size-large is-resized\"><img loading=\"lazy\" src=\"https:\/\/futurotec.pt\/wp-content\/uploads\/2022\/05\/smarthome-1-1024x485.jpg\" alt=\"Casa Inteligente, Domotica\" class=\"wp-image-5568\" width=\"1170\" height=\"554\" srcset=\"https:\/\/futurotec.pt\/wp-content\/uploads\/2022\/05\/smarthome-1-1024x485.jpg 1024w, https:\/\/futurotec.pt\/wp-content\/uploads\/2022\/05\/smarthome-1-300x142.jpg 300w, https:\/\/futurotec.pt\/wp-content\/uploads\/2022\/05\/smarthome-1-768x364.jpg 768w, https:\/\/futurotec.pt\/wp-content\/uploads\/2022\/05\/smarthome-1-1536x728.jpg 1536w, https:\/\/futurotec.pt\/wp-content\/uploads\/2022\/05\/smarthome-1-2048x971.jpg 2048w\" sizes=\"(max-width: 1170px) 100vw, 1170px\" \/><figcaption>Dom\u00f3tica<\/figcaption><\/figure>\n\n<h2>Bem vindo ao futuro<\/h2>\n\n<p>O prot\u00f3tipo da casa do futuro &#8211; nem uma \u00fanica centena de livros e artigos fant\u00e1sticos foram escritos sobre isso. Hoje, o sonho dos escritores de fic\u00e7\u00e3o cient\u00edfica &#8211; uma Casa Inteligente, na qual os computadores s\u00e3o respons\u00e1veis \u200b\u200bpor todas as fun\u00e7\u00f5es vitais, est\u00e1 se tornando realidade. Se voc\u00ea expressar brevemente as principais caracter\u00edsticas dessa casa, poder\u00e1 se contentar com algumas palavras: conforto, funcionalidade e efici\u00eancia energ\u00e9tica.<br\/>A Casa Inteligente adapta-se aos seus h\u00e1bitos. Ela apagar\u00e1 as luzes de toda a casa quando todos estiverem a dormir, desligar\u00e1 as tomadas el\u00e9tricas desnecess\u00e1rias, mudar\u00e1 o piso aquecido e o sistema de controle clim\u00e1tico para o modo econ\u00f4mico, fechar\u00e1 as portas e armar\u00e1 o per\u00edmetro da sua casa. Ela vai aquecer os quartos pela manh\u00e3, prepara o caf\u00e9, acord\u00e1-lo com sua m\u00fasica favorita e monitorar a seguran\u00e7a de seus filhos. Sua casa se torna um excelente guarda &#8211; ela vigia todas as janelas, todas as portas e tamb\u00e9m ela \u00e9 o mordomo perfeito &#8211; ela anuncia a chegada dos convidados. Ela ligar\u00e1 para voc\u00ea no trabalho, dando a voc\u00ea a oportunidade de se comunicar, se na sua aus\u00eancia chegaram os convidados. Voc\u00ea pode gerenciar sua casa pelo smartphone. Em tal casa n\u00e3o \u00e9 muito escuro nem muito quente, tudo fica controlado automaticamente consoante os cen\u00e1rios uqe voc\u00ea escolha. Voc\u00ea pode acender as luzes, fechar as cortinas e ligar a m\u00fasica com o toque de um bot\u00e3o ou falar para sua casa.<br\/>E tamb\u00e9m, \u201cCasa Inteligente\u201d, como a casa criada no mundo de fantasia de<a href=\"https:\/\/en.wikipedia.org\/wiki\/Ray_Bradbury\" target=\"_blank\" rel=\"noreferrer noopener\">Ray Bradbury<\/a>, pode conversar com o propriet\u00e1rio: cumpriment\u00e1-lo, informar que o pedido foi conclu\u00eddo: \u201cO banho est\u00e1 cheio\u201d, \u201cO caf\u00e9 est\u00e1 pronto\u201d . A casa monitora o consumo de energia e torna a habita\u00e7\u00e3o confort\u00e1vel e econ\u00f4mica.<br\/>E voc\u00ea pode controlar toda a casa com a ajuda de um pequeno painel de toque.<br\/>Casa Inteligente &#8211; existem lendas sobre isso, e muitas delas, curiosamente, n\u00e3o s\u00e3o fic\u00e7\u00e3o de um escritor de fic\u00e7\u00e3o cient\u00edfica, mas uma realidade criada pela imagina\u00e7\u00e3o livre de engenheiros talentosos.<\/p>\n\n<div class=\"wp-container-1 wp-block-buttons\">\n<div class=\"wp-block-button\"><a class=\"wp-block-button__link\" href=\"https:\/\/futurotec.pt\/contacts\/\">Obtenha uma Consulta Gratuita<\/a><\/div>\n<\/div>\n\n<h2>Como funciona a Casa Inteligente\/Dom\u00f3tica?<\/h2>\n\n<p>Tudo \u00e9 simples e complexo ao mesmo tempo. O princ\u00edpio de funcionamento da nossa Casa Inteligente \u00e9 baseado na tecnologia de intelig\u00eancia distribu\u00edda. \u201cDistribu\u00eddo\u201d significa que n\u00e3o \u00e9 necess\u00e1rio um computador central (que em outros sistemas \u00e9 o \u201cC\u00e9rebro\u201d da casa que \u00e9 respons\u00e1vel pela opera\u00e7\u00e3o de todas as fun\u00e7\u00f5es). Portanto, a falha do processador pode levar ao fato de que a casa permanece incontrol\u00e1vel. Em nosso sistema, cada n\u00f3 tem sua pr\u00f3pria intelig\u00eancia. Juntos, eles se conectam a uma rede gerenciada comum e trocam informa\u00e7\u00f5es entre si. Isso aumenta a confiabilidade em uma ordem de grandeza (a falha de um \u00fanico dispositivo n\u00e3o afeta a opera\u00e7\u00e3o do sistema como um todo), assim, torornando-o flex\u00edvel e facilmente expans\u00edvel.<\/p>\n\n<h2>Como gerenciar a Casa Inteligente?<\/h2>\n\n<p>Todos os subsistemas e eletrodom\u00e9sticos s\u00e3o controlados por meio de um painel de controle remoto universal, computador ou telefone. O Ecr\u00e3 do painel mostra todos os dispositivos conectados ao sistema de dom\u00f3tica, e voc\u00ea pode controlar cada um deles. Um toque no ecr\u00e3 e voc\u00ea pode controlar facilmente os dispositivos: acender a luz, m\u00fasica ou ar condicionado. Voc\u00ea pode definir o controle para que um bot\u00e3o feche as cortinas, desligue as luzes e a m\u00fasica e tranque a porta. E chame este cen\u00e1rio &#8211; &#8220;Boa Noite&#8221;. Voc\u00ea pode criar qualquer cen\u00e1rio para sua casa e cada um desses cen\u00e1rios ser\u00e1 ativado quando pressiona um \u00fanico bot\u00e3o ou quando d\u00e1 um comando ao assistente de voz, por exemplo: &#8220;Oi Siri, Boa Noite&#8221;.<\/p>\n\n<h2>O que inclui um sistema de casa inteligente?<\/h2>\n\n<p>A casa inteligente \u00e9 um <a href=\"https:\/\/futurotec.pt\/pt-pt\/sistemas-de-casa-inteligente\/\" target=\"_blank\" rel=\"noreferrer noopener\">sistema de controle<\/a> unificado em uma casa, escrit\u00f3rio, apartamento ou pr\u00e9dio, que inclui sensores, elementos de controle e atuadores. Os elementos de controle recebem sinais de sensores e controlam a opera\u00e7\u00e3o dos atuadores, agindo de acordo com algoritmos especificados e combinando os seguintes sistemas:<\/p>\n\n<ul><li>Aquecimento dom\u00e9stico (por meio de radiadores ou piso radiante);<\/li><li><a href=\"https:\/\/futurotec.pt\/pt-pt\/portfolio\/climatizacao-inteligente\/\" target=\"_blank\" rel=\"noreferrer noopener\">Ventila\u00e7\u00e3o e ar condicionado;<\/a><\/li><li>Alarmes de seguran\u00e7a e inc\u00eandio;<\/li><li>Sistema de controle de acesso;<\/li><li>Controle de emerg\u00eancias: fuga de \u00e1gua, fuga de g\u00e1s, falhas de energia;<\/li><li><a href=\"https:\/\/futurotec.pt\/pt-pt\/portfolio\/video-vigilancia\/\" target=\"_blank\" rel=\"noreferrer noopener\">Videovigil\u00e2ncia<\/a> (local e remota);<\/li><li>Controle de ilumina\u00e7\u00e3o interna e externa;<\/li><li>Distribui\u00e7\u00e3o de<a href=\"https:\/\/futurotec.pt\/pt-pt\/portfolio\/video-vigilancia\/\" target=\"_blank\" rel=\"noreferrer noopener\">v\u00eddeo<\/a> e <a href=\"https:\/\/futurotec.pt\/pt-pt\/portfolio\/sistema-de-audio\/\" target=\"_blank\" rel=\"noreferrer noopener\">\u00e1udio<\/a> e em salas diferentes (multi-room);<\/li><li>Controle sobre o consumo de energia, limita\u00e7\u00e3o de picos de carga e distribui\u00e7\u00e3o de cargas por fases da rede de abastecimento;<\/li><li>Gerenciamento de fontes de energia de backup: UPS de bateria e geradores a diesel;<\/li><li>Gest\u00e3o de esta\u00e7\u00f5es elevat\u00f3rias de esgotos e sistemas de rega autom\u00e1tica para \u00e1reas verdes;<\/li><li>Gest\u00e3o de port\u00f5es e barreiras;<\/li><li>Gest\u00e3o de cortinas, persianas e estores;<\/li><li><a href=\"https:\/\/futurotec.pt\/pt-pt\/portfolio\/app-de-controle\/\" target=\"_blank\" rel=\"noreferrer noopener\">Monitoramento e controle remoto<\/a> de todos os sistemas dom\u00e9sticos via Internet.<\/li><\/ul>\n\n<figure class=\"wp-block-image size-large is-resized\"><img loading=\"lazy\" src=\"https:\/\/futurotec.pt\/wp-content\/uploads\/2022\/05\/1636427887_47-na-dache-pro-p-umnii-dom-kartinki-foto-52-1024x568.jpg\" alt=\"domotica casa inteligente\" class=\"wp-image-5596\" width=\"1172\" height=\"650\" srcset=\"https:\/\/futurotec.pt\/wp-content\/uploads\/2022\/05\/1636427887_47-na-dache-pro-p-umnii-dom-kartinki-foto-52-1024x568.jpg 1024w, https:\/\/futurotec.pt\/wp-content\/uploads\/2022\/05\/1636427887_47-na-dache-pro-p-umnii-dom-kartinki-foto-52-300x166.jpg 300w, https:\/\/futurotec.pt\/wp-content\/uploads\/2022\/05\/1636427887_47-na-dache-pro-p-umnii-dom-kartinki-foto-52-768x426.jpg 768w, https:\/\/futurotec.pt\/wp-content\/uploads\/2022\/05\/1636427887_47-na-dache-pro-p-umnii-dom-kartinki-foto-52-1536x852.jpg 1536w, https:\/\/futurotec.pt\/wp-content\/uploads\/2022\/05\/1636427887_47-na-dache-pro-p-umnii-dom-kartinki-foto-52.jpg 1656w\" sizes=\"(max-width: 1172px) 100vw, 1172px\" \/><figcaption>Umas possibilidades da Dom\u00f3tica.<\/figcaption><\/figure>\n\n<h2>Pr\u00f3s e contras da casa inteligente<\/h2>\n\n<p>Assim como outros dispositivos, o sistema da casa inteligente possui vantagens e desvantagens. Ent\u00e3o, vamos analizar:<\/p>\n\n<figure class=\"wp-block-table is-style-stripes\"><table class=\"has-fixed-layout\"><thead><tr><th>Vantagens<\/th><th>Desvantagens<\/th><\/tr><\/thead><tbody><tr><td><strong>Seguran\u00e7a.<\/strong> O sistema controla completamente o ambiente. Se foi feito um acesso n\u00e3o programado, ela enviar\u00e1 uma notifica\u00e7\u00e3o sobre isso. Em caso de emerg\u00eancias, a casa inteligente tentar\u00e1 preveni-las, isto inclui a ocorr\u00eancia de inc\u00eandios. Ela permite monitoramento do que est\u00e1 acontecendo em casa de qualquer lugar do mundo.<\/td><td><strong>Pre\u00e7o.<\/strong> Apesar do fato de que o dispositivo do sistema consiste principalmente em sensores primitivos, c\u00e2meras, e etc. seu custo \u00e9 alto. Demora aproximadamente 5 anos para recuperar investimento em Casa Inteligente.<\/td><\/tr><tr><td><strong>F\u00e1cil de usar. <\/strong>Todo o sistema \u00e9 controlado por um \u00fanico dispositivo. Na maioria das vezes, s\u00e3o smartphones.<\/td><td><strong>Manuten\u00e7\u00e3o.<\/strong> Como qualquer outra equipamento, o sistema pode avariar. Neste caso, apenas instaladores experientes, que ainda n\u00e3o s\u00e3o muito f\u00e1ceis de encontrar, podem resolver o problema.<\/td><\/tr><tr><td><strong>Configura\u00e7\u00f5es flex\u00edveis.<\/strong> O sistema permite que voc\u00ea personalize os dispositivos para si mesmo, altere suas fun\u00e7\u00f5es. Voc\u00ea tamb\u00e9m pode adicionar outros dispositivos a ele a qualquer momento conveniente.<\/td><td><\/td><\/tr><tr><td><strong>Poupan\u00e7a.<\/strong> Casa inteligente reduz o custo das contas da \u00e1gua, eletricidade e g\u00e1s. Isso ocorre porque o sistema desativa dispositivos que n\u00e3o est\u00e3o em uso no momento. Assim, a carga na rede \u00e9 reduzida e, com ela, o consumo de eletricidade. A economia na ilumina\u00e7\u00e3o pode chegar a 40% e no aquecimento 30%.<\/td><td><\/td><\/tr><tr><td><strong>Automa\u00e7\u00e3o.<\/strong> A maioria dos itens dom\u00e9sticos pode ser conectada a casa inteligente. Assim, isso torna poss\u00edvel gerenci\u00e1-los automaticamente. Isso economiza muito tempo.<\/td><td><\/td><\/tr><tr><td><strong>Design.<\/strong> Todos os elementos do sistema (bot\u00f5es, termostatos, sensores, tomadas, interruptores) parecem modernos e se encaixam com estilo em qualquer interior.<\/td><td><\/td><\/tr><\/tbody><\/table><\/figure>\n\n<p><\/p>\n\n<p>O mais importante na instala\u00e7\u00e3o do sistema da casa inteligente \u00e9 escolher equipamentos de alta qualidade e t\u00e9cnicos experientes. Assim, a casa inteligente servir\u00e1 por um longo tempo, simplificando assim a sua vida.<\/p>\n\n<h2>Como pedir um or\u00e7amento da Dom\u00f3tica?<\/h2>\n\n<p>Para dar um or\u00e7amento n\u00f3s precisamos de saber:<\/p>\n\n<ol><li><strong>O que voc\u00ea pretende ter.<\/strong> Como falamos antes nas possibilidades da dom\u00f3tica, tem que escolher aquilo que faz mais sentido para si. Por exemplo, voc\u00ea n\u00e3o quer ter sistema de som nem o cinema, mas quer ter luzes, aquecimento e refrigera\u00e7\u00e3o com estores e cortinas ligados a dom\u00f3tica. O Nosso concelho &#8211; fa\u00e7a uma lista e se tiver duvidas, consulta-nos.<\/li><li><strong>Descri\u00e7\u00e3o da Instala\u00e7\u00e3o.<\/strong> A sua casa j\u00e1 est\u00e1 constru\u00edda ou ainda est\u00e1 em fase de projeto ou pretende fazer remodela\u00e7\u00e3o? Tem instala\u00e7\u00e3o electrica normal ou com pre-instala\u00e7\u00e3o para dom\u00f3tica?<\/li><li><strong>Equipamento instalado.<\/strong> Talvez j\u00e1 tem alguns equipamentos ou sistemas ligados a dom\u00f3tica e quer os aproveitar?<br\/>Design e Est\u00e9tica. Tem algumas ideias de design? Ou quer alguns equipamentos do fabricante em espec\u00edfico?<\/li><li><strong>Or\u00e7amento dispon\u00edvel.<\/strong> Saber o limite at\u00e9 onde podemos ir ser\u00e1 um bom indicativo para respeitarmos as suas necessidades. Seja qual for o limite dentro da dom\u00f3tica h\u00e1 equipamentos adequados aos mais diversos or\u00e7amentos.<\/li><li><strong>Planta ou Projeto.<\/strong> Mostre onde quer ter a Dom\u00f3tica instalada. \u00c9 uma casa ou apartamento?<\/li><\/ol>\n\n<div class=\"wp-container-2 wp-block-buttons\">\n<div class=\"wp-block-button\"><a class=\"wp-block-button__link\" href=\"https:\/\/futurotec.pt\/contacts\/\">Pedir Or\u00e7amento Agora<\/a><\/div>\n<\/div>\n","protected":false},"excerpt":{"rendered":"<p>Dom\u00f3tica, Casa autom\u00e1tica e Casa Inteligente \u00e9 mesma coisa? A palavra Dom\u00f3tica v\u00eam do franc\u00eas &#8220;Domotique&#8220;, da jun\u00e7\u00e3o Domus &#8220;casa&#8221; com &#8220;Immotique&#8221; &#8220;autom\u00e1tico&#8221;, ou seja, casa autom\u00e1tica ou casa inteligente. Bem vindo ao futuro O prot\u00f3tipo da casa do futuro &#8211; nem uma \u00fanica centena de livros e artigos fant\u00e1sticos foram escritos sobre isso. Hoje, [&hellip;]<\/p>\n","protected":false},"author":3,"featured_media":0,"parent":0,"menu_order":0,"comment_status":"closed","ping_status":"closed","template":"","meta":[],"yoast_head":"<!-- This site is optimized with the Yoast SEO plugin v19.9 - https:\/\/yoast.com\/wordpress\/plugins\/seo\/ -->\n<title>Dom\u00f3tica - Defini\u00e7\u00e3o, Vantagens e Exemplos | Futurotec<\/title>\n<meta name=\"description\" content=\"O que \u00e9 a Dom\u00f3tica ou Casa Inteligente? Um guia detalhado para criar sua pr\u00f3pria casa inteligente - benef\u00edcios, principais componentes e custo. Calcula o custo para a sua casa.\" \/>\n<meta name=\"robots\" content=\"index, follow, max-snippet:-1, max-image-preview:large, max-video-preview:-1\" \/>\n<link rel=\"canonical\" href=\"https:\/\/futurotec.pt\/pt-pt\/domotica-o-que-e\/\" \/>\n<meta property=\"og:locale\" content=\"pt_PT\" \/>\n<meta property=\"og:type\" content=\"article\" \/>\n<meta property=\"og:title\" content=\"Dom\u00f3tica - Defini\u00e7\u00e3o, Vantagens e Exemplos | Futurotec\" \/>\n<meta property=\"og:description\" content=\"O que \u00e9 a Dom\u00f3tica ou Casa Inteligente? Um guia detalhado para criar sua pr\u00f3pria casa inteligente - benef\u00edcios, principais componentes e custo. Calcula o custo para a sua casa.\" \/>\n<meta property=\"og:url\" content=\"https:\/\/futurotec.pt\/pt-pt\/domotica-o-que-e\/\" \/>\n<meta property=\"og:site_name\" content=\"futurotec\" \/>\n<meta property=\"article:publisher\" content=\"https:\/\/www.facebook.com\/Futurotecpt\" \/>\n<meta property=\"article:modified_time\" content=\"2022-06-01T09:30:09+00:00\" \/>\n<meta property=\"og:image\" content=\"https:\/\/futurotec.pt\/wp-content\/uploads\/2022\/05\/smarthome-1-1024x485.jpg\" \/>\n<meta name=\"twitter:card\" content=\"summary_large_image\" \/>\n<meta name=\"twitter:label1\" content=\"Tempo estimado de leitura\" \/>\n\t<meta name=\"twitter:data1\" content=\"7 minutos\" \/>\n<script type=\"application\/ld+json\" class=\"yoast-schema-graph\">{\"@context\":\"https:\/\/schema.org\",\"@graph\":[{\"@type\":\"WebPage\",\"@id\":\"https:\/\/futurotec.pt\/pt-pt\/domotica-o-que-e\/\",\"url\":\"https:\/\/futurotec.pt\/pt-pt\/domotica-o-que-e\/\",\"name\":\"Dom\u00f3tica - Defini\u00e7\u00e3o, Vantagens e Exemplos | Futurotec\",\"isPartOf\":{\"@id\":\"https:\/\/futurotec.pt\/pt-pt\/#website\"},\"datePublished\":\"2022-06-01T09:30:07+00:00\",\"dateModified\":\"2022-06-01T09:30:09+00:00\",\"description\":\"O que \u00e9 a Dom\u00f3tica ou Casa Inteligente? Um guia detalhado para criar sua pr\u00f3pria casa inteligente - benef\u00edcios, principais componentes e custo. Calcula o custo para a sua casa.\",\"breadcrumb\":{\"@id\":\"https:\/\/futurotec.pt\/pt-pt\/domotica-o-que-e\/#breadcrumb\"},\"inLanguage\":\"pt-PT\",\"potentialAction\":[{\"@type\":\"ReadAction\",\"target\":[\"https:\/\/futurotec.pt\/pt-pt\/domotica-o-que-e\/\"]}]},{\"@type\":\"BreadcrumbList\",\"@id\":\"https:\/\/futurotec.pt\/pt-pt\/domotica-o-que-e\/#breadcrumb\",\"itemListElement\":[{\"@type\":\"ListItem\",\"position\":1,\"name\":\"Home\",\"item\":\"https:\/\/futurotec.pt\/pt-pt\/\"},{\"@type\":\"ListItem\",\"position\":2,\"name\":\"Dom\u00f3tica: O que \u00e9?\"}]},{\"@type\":\"WebSite\",\"@id\":\"https:\/\/futurotec.pt\/pt-pt\/#website\",\"url\":\"https:\/\/futurotec.pt\/pt-pt\/\",\"name\":\"futurotec\",\"description\":\"Domotica na sua casa\",\"potentialAction\":[{\"@type\":\"SearchAction\",\"target\":{\"@type\":\"EntryPoint\",\"urlTemplate\":\"https:\/\/futurotec.pt\/pt-pt\/?s={search_term_string}\"},\"query-input\":\"required name=search_term_string\"}],\"inLanguage\":\"pt-PT\"}]}<\/script>\n<!-- \/ Yoast SEO plugin. -->","yoast_head_json":{"title":"Dom\u00f3tica - Defini\u00e7\u00e3o, Vantagens e Exemplos | Futurotec","description":"O que \u00e9 a Dom\u00f3tica ou Casa Inteligente? Um guia detalhado para criar sua pr\u00f3pria casa inteligente - benef\u00edcios, principais componentes e custo. Calcula o custo para a sua casa.","robots":{"index":"index","follow":"follow","max-snippet":"max-snippet:-1","max-image-preview":"max-image-preview:large","max-video-preview":"max-video-preview:-1"},"canonical":"https:\/\/futurotec.pt\/pt-pt\/domotica-o-que-e\/","og_locale":"pt_PT","og_type":"article","og_title":"Dom\u00f3tica - Defini\u00e7\u00e3o, Vantagens e Exemplos | Futurotec","og_description":"O que \u00e9 a Dom\u00f3tica ou Casa Inteligente? Um guia detalhado para criar sua pr\u00f3pria casa inteligente - benef\u00edcios, principais componentes e custo. Calcula o custo para a sua casa.","og_url":"https:\/\/futurotec.pt\/pt-pt\/domotica-o-que-e\/","og_site_name":"futurotec","article_publisher":"https:\/\/www.facebook.com\/Futurotecpt","article_modified_time":"2022-06-01T09:30:09+00:00","og_image":[{"url":"https:\/\/futurotec.pt\/wp-content\/uploads\/2022\/05\/smarthome-1-1024x485.jpg"}],"twitter_card":"summary_large_image","twitter_misc":{"Tempo estimado de leitura":"7 minutos"},"schema":{"@context":"https:\/\/schema.org","@graph":[{"@type":"WebPage","@id":"https:\/\/futurotec.pt\/pt-pt\/domotica-o-que-e\/","url":"https:\/\/futurotec.pt\/pt-pt\/domotica-o-que-e\/","name":"Dom\u00f3tica - Defini\u00e7\u00e3o, Vantagens e Exemplos | Futurotec","isPartOf":{"@id":"https:\/\/futurotec.pt\/pt-pt\/#website"},"datePublished":"2022-06-01T09:30:07+00:00","dateModified":"2022-06-01T09:30:09+00:00","description":"O que \u00e9 a Dom\u00f3tica ou Casa Inteligente? Um guia detalhado para criar sua pr\u00f3pria casa inteligente - benef\u00edcios, principais componentes e custo. Calcula o custo para a sua casa.","breadcrumb":{"@id":"https:\/\/futurotec.pt\/pt-pt\/domotica-o-que-e\/#breadcrumb"},"inLanguage":"pt-PT","potentialAction":[{"@type":"ReadAction","target":["https:\/\/futurotec.pt\/pt-pt\/domotica-o-que-e\/"]}]},{"@type":"BreadcrumbList","@id":"https:\/\/futurotec.pt\/pt-pt\/domotica-o-que-e\/#breadcrumb","itemListElement":[{"@type":"ListItem","position":1,"name":"Home","item":"https:\/\/futurotec.pt\/pt-pt\/"},{"@type":"ListItem","position":2,"name":"Dom\u00f3tica: O que \u00e9?"}]},{"@type":"WebSite","@id":"https:\/\/futurotec.pt\/pt-pt\/#website","url":"https:\/\/futurotec.pt\/pt-pt\/","name":"futurotec","description":"Domotica na sua casa","potentialAction":[{"@type":"SearchAction","target":{"@type":"EntryPoint","urlTemplate":"https:\/\/futurotec.pt\/pt-pt\/?s={search_term_string}"},"query-input":"required name=search_term_string"}],"inLanguage":"pt-PT"}]}},"_links":{"self":[{"href":"https:\/\/futurotec.pt\/pt-pt\/wp-json\/wp\/v2\/pages\/5624"}],"collection":[{"href":"https:\/\/futurotec.pt\/pt-pt\/wp-json\/wp\/v2\/pages"}],"about":[{"href":"https:\/\/futurotec.pt\/pt-pt\/wp-json\/wp\/v2\/types\/page"}],"author":[{"embeddable":true,"href":"https:\/\/futurotec.pt\/pt-pt\/wp-json\/wp\/v2\/users\/3"}],"replies":[{"embeddable":true,"href":"https:\/\/futurotec.pt\/pt-pt\/wp-json\/wp\/v2\/comments?post=5624"}],"version-history":[{"count":3,"href":"https:\/\/futurotec.pt\/pt-pt\/wp-json\/wp\/v2\/pages\/5624\/revisions"}],"predecessor-version":[{"id":5627,"href":"https:\/\/futurotec.pt\/pt-pt\/wp-json\/wp\/v2\/pages\/5624\/revisions\/5627"}],"wp:attachment":[{"href":"https:\/\/futurotec.pt\/pt-pt\/wp-json\/wp\/v2\/media?parent=5624"}],"curies":[{"name":"wp","href":"https:\/\/api.w.org\/{rel}","templated":true}]}}